{"id":3,"date":"2023-01-25T12:32:10","date_gmt":"2023-01-25T12:32:10","guid":{"rendered":"https:\/\/www.masfisyos.es\/?page_id=3"},"modified":"2024-06-20T15:40:13","modified_gmt":"2024-06-20T15:40:13","slug":"privacy-policy","status":"publish","type":"page","link":"https:\/\/www.masfisyos.es\/index.php\/privacy-policy\/","title":{"rendered":"Privacy Policy"},"content":{"rendered":"\t\t<div data-elementor-type=\"wp-page\" data-elementor-id=\"3\" class=\"elementor elementor-3\">\n\t\t\t\t\t\t\t<div class=\"elementor-element elementor-element-652ddfa5 e-flex e-con-boxed e-con e-parent\" data-id=\"652ddfa5\" data-element_type=\"container\" data-settings=\"{&quot;content_width&quot;:&quot;boxed&quot;}\" data-core-v316-plus=\"true\">\n\t\t\t\t\t<div class=\"e-con-inner\">\n\t\t\t\t<div class=\"elementor-element elementor-element-4660bf9b elementor-widget elementor-widget-text-editor\" data-id=\"4660bf9b\" data-element_type=\"widget\" data-widget_type=\"text-editor.default\">\n\t\t\t\t<div class=\"elementor-widget-container\">\n\t\t\t<style>\/*! elementor - v3.18.0 - 20-12-2023 *\/\n.elementor-widget-text-editor.elementor-drop-cap-view-stacked .elementor-drop-cap{background-color:#69727d;color:#fff}.elementor-widget-text-editor.elementor-drop-cap-view-framed .elementor-drop-cap{color:#69727d;border:3px solid;background-color:transparent}.elementor-widget-text-editor:not(.elementor-drop-cap-view-default) .elementor-drop-cap{margin-top:8px}.elementor-widget-text-editor:not(.elementor-drop-cap-view-default) .elementor-drop-cap-letter{width:1em;height:1em}.elementor-widget-text-editor .elementor-drop-cap{float:left;text-align:center;line-height:1;font-size:50px}.elementor-widget-text-editor .elementor-drop-cap-letter{display:inline-block}<\/style>\t\t\t\t<!-- wp:heading -->\n<p><b>POL\u00cdTICA DE PRIVACIDAD Y PROPIEDAD INTELECTUAL<\/b><\/p>\n<p><b>PRIVACIDAD<\/b><\/p>\n<p><span style=\"font-weight: 400;\">\u200b<\/span><\/p>\n<ol>\n<li><b> Uso y tratamiento de datos de car\u00e1cter personal<\/b><\/li>\n<\/ol>\n<h2>\u00a0<\/h2>\n<p><span style=\"font-weight: 400;\">MAS FISYOS ANDORRA SLU\u00a0 C. Rosal, 12, 44500 Andorra, Teruel \u00a0 .,\u00a0 \u00a0 \u00a0 le informa que los datos de car\u00e1cter personal que pudieran proporcionarse, a trav\u00e9s de la web as\u00ed como los que pudiera facilitar en el futuro en el marco de su relaci\u00f3n con MAS FISYOS ANDORRA SLU\u00a0 C. Rosal, 12, 44500 Andorra, Teruel \u00a0 .,\u00a0 Calle Pilar de las Almas, 40 planta 2\u00a0 P , ser\u00e1n incorporados en los ficheros titularidad de MAS FISYOS ANDORRA SLU\u00a0 C. Rosal, 12, 44500 Andorra, Teruel \u00a0 ., \u00a0 Estos ficheros tienen la finalidad de gestionar, administrar o facilitarle la informaci\u00f3n que solicite, y en su caso, conocer mejor sus gustos, adecuar la informaci\u00f3n a sus preferencias, as\u00ed como poder ofrecerle nuevos servicios y enviarle informaci\u00f3n relacionada con las actividades de MAS FISYOS ANDORRA SLU\u00a0 C. Rosal, 12, 44500 Andorra, Teruel \u00a0 ., \u00a0 a trav\u00e9s de cualquier medio, incluso el electr\u00f3nico.<\/span><\/p>\n<p><span style=\"font-weight: 400;\">\u00a0<\/span><\/p>\n<ol start=\"2\">\n<li><b> Confidencialidad de datos<\/b><\/li>\n<\/ol>\n<p><span style=\"font-weight: 400;\">\u200b<\/span><\/p>\n<p><span style=\"font-weight: 400;\">\u200bMAS FISYOS ANDORRA SLU\u00a0 C. Rosal, 12, 44500 Andorra, Teruel \u00a0 .,\u00a0 \u00a0 \u00a0 se compromete a mantener la confidencialidad de los datos de nuestros clientes, usuarios y visitantes y a cumplir con todos los requisitos legales en vigor.<\/span><\/p>\n<p><span style=\"font-weight: 400;\">MAS FISYOS ANDORRA SLU\u00a0 C. Rosal, 12, 44500 Andorra, Teruel \u00a0 .,\u00a0 \u00a0 \u00a0 se compromete al cumplimiento de la obligaci\u00f3n de secreto de los datos de car\u00e1cter personal, de su deber de guardarlos y adoptar\u00e1 las medidas necesarias para evitar su alteraci\u00f3n, p\u00e9rdida, tratamiento o acceso no autorizado, habida cuenta en todo momento del estado de la tecnolog\u00eda.<\/span><\/p>\n<p><span style=\"font-weight: 400;\">MAS FISYOS ANDORRA SLU\u00a0 C. Rosal, 12, 44500 Andorra, Teruel \u00a0 ., \u00a0 est\u00e1 obligada por la legislaci\u00f3n vigente en materia de protecci\u00f3n de datos al deber de secreto en las relaciones con los usuarios de la web. Todas las comunicaciones privadas entre MAS FISYOS ANDORRA SLU\u00a0 C. Rosal, 12, 44500 Andorra, Teruel \u00a0 .,\u00a0 y los usuarios ser\u00e1n consideradas confidenciales. Adem\u00e1s, tambi\u00e9n tendr\u00e1 la condici\u00f3n de confidencial la informaci\u00f3n de cualquier tipo que intercambien ambas partes y la informaci\u00f3n que ambas partes acuerden que tiene tal naturaleza.<\/span><\/p>\n<p><span style=\"font-weight: 400;\">\u200b\u200b<\/span><\/p>\n<ol start=\"3\">\n<li><b> Formulario de Contacto<\/b><\/li>\n<\/ol>\n<p><span style=\"font-weight: 400;\">\u00a0<\/span><\/p>\n<p><span style=\"font-weight: 400;\">Tambi\u00e9n consta un formulario con el fin de resolver cuestiones o preguntas. En este caso se utilizar\u00e1 tu direcci\u00f3n de correo electr\u00f3nico para responder a las mismas.<\/span><\/p>\n<p><span style=\"font-weight: 400;\">Por \u00faltimo, esta p\u00e1gina web tambi\u00e9n utiliza herramientas propias y de terceros que recogen datos de los Usuarios a trav\u00e9s de cookies (generalmente de forma transparente y an\u00f3nima).<\/span><\/p>\n<p><span style=\"font-weight: 400;\">El prop\u00f3sito de las cookies es optimizar el funcionamiento de esta web, analizar los h\u00e1bitos de navegaci\u00f3n de nuestros Usuarios y mostrarte contenidos relevantes.<\/span><\/p>\n<p><span style=\"font-weight: 400;\">Puedes cambiar tu configuraci\u00f3n y obtener m\u00e1s informaci\u00f3n sobre las cookies.<\/span><\/p>\n<p><span style=\"font-weight: 400;\">\u00a0<\/span><\/p>\n<ol start=\"4\">\n<li><b> Derechos de acceso, rectificaci\u00f3n, cancelaci\u00f3n y oposici\u00f3n\u00a0<\/b><\/li>\n<\/ol>\n<p><b>\u200b<\/b><\/p>\n<p><span style=\"font-weight: 400;\">Cualquier persona tiene derecho a obtener informaci\u00f3n sobre la utilizaci\u00f3n de sus datos personales, as\u00ed como solicitar la rectificaci\u00f3n o supresi\u00f3n de dichos datos.<\/span><\/p>\n<p><span style=\"font-weight: 400;\">\u200b<\/span><\/p>\n<p><span style=\"font-weight: 400;\">En determinadas circunstancias, los interesados tambi\u00e9n podr\u00e1n solicitar la limitaci\u00f3n del tratamiento de sus datos personales en cuyo caso \u00fanicamente los conservaremos para el ejercicio o la defensa de posibles reclamaciones.<\/span><\/p>\n<p><span style=\"font-weight: 400;\">\u200b<\/span><\/p>\n<p><span style=\"font-weight: 400;\">Dejamos a disposici\u00f3n de los usuarios el ejercitar tus leg\u00edtimos derechos de acceso, rectificaci\u00f3n, cancelaci\u00f3n y oposici\u00f3n (tambi\u00e9n conocidos amistosamente con el nombre \u201cDerechos ARCO\u201d) escribiendo al responsable de tratamiento:<\/span><\/p>\n<p><span style=\"font-weight: 400;\">\u200b<\/span><\/p>\n<p><span style=\"font-weight: 400;\">Responsable: <\/span><span style=\"font-weight: 400;\">MAS FISYOS ANDORRA SLU\u00a0 C. Rosal, 12, 44500 Andorra, Teruel \u00a0 .,\u00a0\u00a0\u00a0\u00a0\u00a0<\/span><\/p>\n<h2>\u00a0<\/h2>\n<p><span style=\"font-weight: 400;\">Correo Electr\u00f3nico: <\/span><span style=\"font-weight: 400;\">Wapasluxury@gmail.com<\/span><\/p>\n<p><span style=\"font-weight: 400;\">\u00a0<\/span><\/p>\n<ol start=\"4\">\n<li><b> Acceso de los datos a terceros<\/b><\/li>\n<\/ol>\n<p><span style=\"font-weight: 400;\">\u200b<\/span><span style=\"font-weight: 400;\">\u00a0<\/span><\/p>\n<p><span style=\"font-weight: 400;\">De acuerdo con lo establecido en la legislaci\u00f3n vigente en materia de protecci\u00f3n de datos, MAS FISYOS ANDORRA SLU\u00a0 C. Rosal, 12, 44500 Andorra, Teruel \u00a0 .,\u00a0 \u00a0 \u00a0 garantiza que los datos objeto de tratamiento no ser\u00e1n cedidos, vendidos, arrendados ni traspasados a ninguna empresa, organizaci\u00f3n o cualquier entidad que sea ajena a MAS FISYOS ANDORRA SLU\u00a0 C. Rosal, 12, 44500 Andorra, Teruel \u00a0 .,\u00a0\u00a0\u00a0<\/span><\/p>\n<p><span style=\"font-weight: 400;\">\u00a0<\/span><\/p>\n<p><span style=\"font-weight: 400;\">\u00a0<\/span><\/p>\n<p><b>PROPIEDAD INTELECTUAL<\/b><\/p>\n<p><span style=\"font-weight: 400;\">\u200b<\/span><\/p>\n<ol>\n<li><b> Propiedad Intelectual de la Web<\/b><\/li>\n<\/ol>\n<p><b>\u200b<\/b><\/p>\n<p><span style=\"font-weight: 400;\">Todos los derechos de explotaci\u00f3n est\u00e1n reservados. Los derechos de propiedad intelectual sobre la web, dise\u00f1o gr\u00e1fico y c\u00f3digos, son titularidad de MAS FISYOS ANDORRA SLU\u00a0 C. Rosal, 12, 44500 Andorra, Teruel \u00a0 .,\u00a0\u00a0\u00a0<\/span><\/p>\n<p><span style=\"font-weight: 400;\">\u200b<\/span><\/p>\n<p><span style=\"font-weight: 400;\">Corresponde a dicha persona el ejercicio exclusivo de los derechos de explotaci\u00f3n de los mismos en cualquier forma y, en especial, los derechos de reproducci\u00f3n, distribuci\u00f3n, comunicaci\u00f3n p\u00fablica y transformaci\u00f3n.\u200b<\/span><\/p>\n<p><span style=\"font-weight: 400;\">\u200b<\/span><\/p>\n<ol start=\"2\">\n<li><b> Condiciones para la reproducci\u00f3n parcial<\/b><\/li>\n<\/ol>\n<p><b>\u200b<\/b><\/p>\n<ul>\n<li style=\"font-weight: 400;\" aria-level=\"1\"><span style=\"font-weight: 400;\">Que se cite expresamente como fuente de informaci\u00f3n.<\/span><\/li>\n<\/ul>\n<p><span style=\"font-weight: 400;\">\u200b<\/span><\/p>\n<ul>\n<li style=\"font-weight: 400;\" aria-level=\"1\"><span style=\"font-weight: 400;\">Que se realice con \u00e1nimo de obtener la informaci\u00f3n contenida y no con prop\u00f3sito comercial ni para uso distinto del individual o privado.<\/span><\/li>\n<\/ul>\n<p><span style=\"font-weight: 400;\">\u200b<\/span><\/p>\n<ul>\n<li style=\"font-weight: 400;\" aria-level=\"1\"><span style=\"font-weight: 400;\">Que ning\u00fan contenido incluido en esta web sea modificado de forma alguna.<\/span><\/li>\n<\/ul>\n<p><span style=\"font-weight: 400;\">\u200b<\/span><\/p>\n<ul>\n<li style=\"font-weight: 400;\" aria-level=\"1\"><span style=\"font-weight: 400;\">Que ning\u00fan elemento disponible en esta web sea utilizado, copiado o distribuido separadamente del texto o resto de contenidos que lo acompa\u00f1an.<\/span><\/li>\n<\/ul>\n<p><span style=\"font-weight: 400;\">\u200b<\/span><\/p>\n<ul>\n<li style=\"font-weight: 400;\" aria-level=\"1\"><span style=\"font-weight: 400;\">Que sea comunicado previamente, por escrito y de manera fehaciente, a MAS FISYOS ANDORRA SLU\u00a0 C. Rosal, 12, 44500 Andorra, Teruel \u00a0 .,\u00a0 y a su vez, se obtenga la autorizaci\u00f3n certificada de la misma para dicha reproducci\u00f3n.<\/span><\/li>\n<\/ul>\n<p><span style=\"font-weight: 400;\">\u200b<\/span><\/p>\n<ul>\n<li style=\"font-weight: 400;\" aria-level=\"1\"><span style=\"font-weight: 400;\">Que los elementos reproducidos no vayan a ser cedidos posteriormente a terceros o se instalen en un servidor conectado a Internet o a una red local.<\/span><\/li>\n<\/ul>\n<p><span style=\"font-weight: 400;\">\u00a0<\/span><\/p>\n<ol start=\"3\">\n<li><b> Uso del Software.<\/b><\/li>\n<\/ol>\n<p><b>\u200b<\/b><\/p>\n<p><span style=\"font-weight: 400;\">El software que se encuentre disponible para su descarga desde este sitio web se halla protegido por derechos de autor. Para poder instalar o utilizar cualquier software descargado desde este sitio, debe aceptarse previamente los t\u00e9rminos del Contrato de Licencia, si lo hubiera, que acompa\u00f1e o se incluya en el software.<\/span><\/p>\n<p><span style=\"font-weight: 400;\">\u200b<\/span><\/p>\n<p><span style=\"font-weight: 400;\">Con respecto a software que no venga acompa\u00f1ado de un Contrato de Licencia, MAS FISYOS ANDORRA SLU\u00a0 C. Rosal, 12, 44500 Andorra, Teruel \u00a0 .,\u00a0 concede al usuario una licencia de uso personal y no transferible, de acuerdo con los presentes t\u00e9rminos y condiciones, siempre que mantenga intactas las indicaciones de derechos de autor y otros s\u00edmbolos de propiedad.<\/span><\/p>\n<p><span style=\"font-weight: 400;\">\u200b<\/span><\/p>\n<p><span style=\"font-weight: 400;\">Se proh\u00edbe expresamente la copia o reproducci\u00f3n del software en cualquier otro servidor o lugar con objeto de su posterior reproducci\u00f3n o redistribuci\u00f3n.<\/span><\/p>\n<p><span style=\"font-weight: 400;\">\u200b<\/span><\/p>\n<ol start=\"4\">\n<li><b> Responsabilidad con los enlaces<\/b><\/li>\n<\/ol>\n<p><span style=\"font-weight: 400;\">\u200b<\/span><\/p>\n<p><span style=\"font-weight: 400;\">\u200b\u200b<\/span><\/p>\n<p><span style=\"font-weight: 400;\">La funci\u00f3n de los enlaces que aparecen en esta p\u00e1gina tiene s\u00f3lo finalidad informativa. MAS FISYOS ANDORRA SLU\u00a0 C. Rosal, 12, 44500 Andorra, Teruel \u00a0 .,\u00a0 rechaza la responsabilidad sobre la informaci\u00f3n contenida en dichas p\u00e1ginas web. Las eventuales referencias que se realicen en la web de MAS FISYOS ANDORRA SLU\u00a0 C. Rosal, 12, 44500 Andorra, Teruel \u00a0 .,\u00a0 a cualquier producto, servicio, proceso, enlace, hipertexto o cualquier otra informaci\u00f3n utilizando la marca, el nombre comercial o el fabricante o suministrador, que sean de titularidad de terceros no constituye o implica respaldo, patrocinio o recomendaci\u00f3n por parte de MAS FISYOS ANDORRA SLU\u00a0 C. Rosal, 12, 44500 Andorra, Teruel \u00a0 .,\u00a0\u00a0\u00a0<\/span><\/p>\n<p><span style=\"font-weight: 400;\">\u200b<\/span><\/p>\n<ol start=\"5\">\n<li><b> Responsabilidad sobre seguridad<\/b><span style=\"font-weight: 400;\">\u200b<\/span><\/li>\n<\/ol>\n<p><span style=\"font-weight: 400;\">\u200b<\/span><\/p>\n<p><span style=\"font-weight: 400;\">MAS FISYOS ANDORRA SLU\u00a0 C. Rosal, 12, 44500 Andorra, Teruel \u00a0 .,\u00a0 \u00a0 \u00a0 no se hace responsable de los posibles errores de seguridad que se pudieran producir por el hecho de utilizar versiones de navegadores no actualizadas, o de las consecuencias que se pudieran derivar del mal funcionamiento del navegador, ya sea por configuraci\u00f3n inadecuada, presencia de virus inform\u00e1ticos o cualquier otra causa ajena.\u200b<\/span><\/p>\n<ol start=\"6\">\n<li><b> Responsabilidad de los contenidos de la Web<\/b><\/li>\n<\/ol>\n<p><span style=\"font-weight: 400;\">\u200b<\/span><\/p>\n<p><span style=\"font-weight: 400;\">\u200b\u200b<\/span><\/p>\n<ul>\n<li style=\"font-weight: 400;\" aria-level=\"1\"><span style=\"font-weight: 400;\">MAS FISYOS ANDORRA SLU\u00a0 C. Rosal, 12, 44500 Andorra, Teruel \u00a0 .,\u00a0 \u00a0 \u00a0 rechaza la responsabilidad que se derive de la mala utilizaci\u00f3n de los contenidos y se reserva el derecho a actualizarlos cuando quiera, a eliminarlos, limitarlos o impedir el acceso a ellos, de manera temporal o definitiva.<\/span><\/li>\n<li style=\"font-weight: 400;\" aria-level=\"1\"><span style=\"font-weight: 400;\">\u200b<\/span><\/li>\n<li style=\"font-weight: 400;\" aria-level=\"1\"><span style=\"font-weight: 400;\">MAS FISYOS ANDORRA SLU\u00a0 C. Rosal, 12, 44500 Andorra, Teruel \u00a0 .,\u00a0 rechaza la responsabilidad sobre cualquier informaci\u00f3n no contenida en estas p\u00e1ginas web y, por tanto, no elaborada por MAS FISYOS ANDORRA SLU\u00a0 C. Rosal, 12, 44500 Andorra, Teruel \u00a0 .,\u00a0 \u00a0 \u00a0 o no publicada con su nombre.<\/span><\/li>\n<\/ul>\n<p><span style=\"font-weight: 400;\">\u200b<\/span><\/p>\n<ul>\n<li style=\"font-weight: 400;\" aria-level=\"1\"><span style=\"font-weight: 400;\">MAS FISYOS ANDORRA SLU\u00a0 C. Rosal, 12, 44500 Andorra, Teruel \u00a0 .,\u00a0 \u00a0 \u00a0 no se responsabiliza de las posibles discrepancias que puedan surgir entre la versi\u00f3n de sus documentos impresos y la versi\u00f3n electr\u00f3nica de los mismos publicados en su p\u00e1gina web.<\/span><\/li>\n<\/ul>\n<p><span style=\"font-weight: 400;\">\u200b<\/span><\/p>\n<ul>\n<li style=\"font-weight: 400;\" aria-level=\"1\"><span style=\"font-weight: 400;\">MAS FISYOS ANDORRA SLU\u00a0 C. Rosal, 12, 44500 Andorra, Teruel \u00a0 .,\u00a0 \u00a0 \u00a0 no se responsabiliza del uso que los menores hagan de la web.<\/span><\/li>\n<\/ul>\n<p><span style=\"font-weight: 400;\">\u200b<\/span><\/p>\n<ul>\n<li style=\"font-weight: 400;\" aria-level=\"1\"><span style=\"font-weight: 400;\">MAS FISYOS ANDORRA SLU\u00a0 C. Rosal, 12, 44500 Andorra, Teruel \u00a0 .,\u00a0 \u00a0 \u00a0 no es responsable de que los contenidos de la web puedan herir la sensibilidad de los menores. Es responsabilidad de los padres asegurarse del correcto uso de una herramienta como Internet y acompa\u00f1ar a los menores en sus sesiones.<\/span><\/li>\n<\/ul>\n<!-- \/wp:paragraph -->\t\t\t\t\t\t<\/div>\n\t\t\t\t<\/div>\n\t\t\t\t\t<\/div>\n\t\t\t\t<\/div>\n\t\t\t\t\t\t\t<\/div>\n\t\t","protected":false},"excerpt":{"rendered":"<p>POL\u00cdTICA DE PRIVACIDAD Y PROPIEDAD INTELECTUAL PRIVACIDAD \u200b Uso y tratamiento de datos de car\u00e1cter personal \u00a0 MAS FISYOS ANDORRA SLU\u00a0 C. Rosal, 12, 44500 Andorra, Teruel \u00a0 .,\u00a0 \u00a0 \u00a0 le informa que los datos de car\u00e1cter personal que pudieran proporcionarse, a trav\u00e9s de la web as\u00ed como los que pudiera facilitar en el [&hellip;]<\/p>\n","protected":false},"author":1,"featured_media":0,"parent":0,"menu_order":0,"comment_status":"closed","ping_status":"open","template":"","meta":{"footnotes":""},"class_list":["post-3","page","type-page","status-publish","hentry"],"yoast_head":"<!-- This site is optimized with the Yoast SEO plugin v22.0 - https:\/\/yoast.com\/wordpress\/plugins\/seo\/ -->\n<title>Privacy Policy - Masfisyios Andorra<\/title>\n<meta name=\"robots\" content=\"index, follow, max-snippet:-1, max-image-preview:large, max-video-preview:-1\" \/>\n<link rel=\"canonical\" href=\"https:\/\/www.masfisyos.es\/index.php\/privacy-policy\/\" \/>\n<meta property=\"og:locale\" content=\"es_ES\" \/>\n<meta property=\"og:type\" content=\"article\" \/>\n<meta property=\"og:title\" content=\"Privacy Policy - Masfisyios Andorra\" \/>\n<meta property=\"og:description\" content=\"POL\u00cdTICA DE PRIVACIDAD Y PROPIEDAD INTELECTUAL PRIVACIDAD \u200b Uso y tratamiento de datos de car\u00e1cter personal \u00a0 MAS FISYOS ANDORRA SLU\u00a0 C. Rosal, 12, 44500 Andorra, Teruel \u00a0 .,\u00a0 \u00a0 \u00a0 le informa que los datos de car\u00e1cter personal que pudieran proporcionarse, a trav\u00e9s de la web as\u00ed como los que pudiera facilitar en el [&hellip;]\" \/>\n<meta property=\"og:url\" content=\"https:\/\/www.masfisyos.es\/index.php\/privacy-policy\/\" \/>\n<meta property=\"og:site_name\" content=\"Masfisyios Andorra\" \/>\n<meta property=\"article:modified_time\" content=\"2024-06-20T15:40:13+00:00\" \/>\n<meta name=\"twitter:card\" content=\"summary_large_image\" \/>\n<meta name=\"twitter:label1\" content=\"Tiempo de lectura\" \/>\n\t<meta name=\"twitter:data1\" content=\"7 minutos\" \/>\n<script type=\"application\/ld+json\" class=\"yoast-schema-graph\">{\"@context\":\"https:\/\/schema.org\",\"@graph\":[{\"@type\":\"WebPage\",\"@id\":\"https:\/\/www.masfisyos.es\/index.php\/privacy-policy\/\",\"url\":\"https:\/\/www.masfisyos.es\/index.php\/privacy-policy\/\",\"name\":\"Privacy Policy - Masfisyios Andorra\",\"isPartOf\":{\"@id\":\"https:\/\/www.masfisyos.es\/#website\"},\"datePublished\":\"2023-01-25T12:32:10+00:00\",\"dateModified\":\"2024-06-20T15:40:13+00:00\",\"breadcrumb\":{\"@id\":\"https:\/\/www.masfisyos.es\/index.php\/privacy-policy\/#breadcrumb\"},\"inLanguage\":\"es\",\"potentialAction\":[{\"@type\":\"ReadAction\",\"target\":[\"https:\/\/www.masfisyos.es\/index.php\/privacy-policy\/\"]}]},{\"@type\":\"BreadcrumbList\",\"@id\":\"https:\/\/www.masfisyos.es\/index.php\/privacy-policy\/#breadcrumb\",\"itemListElement\":[{\"@type\":\"ListItem\",\"position\":1,\"name\":\"Portada\",\"item\":\"https:\/\/www.masfisyos.es\/\"},{\"@type\":\"ListItem\",\"position\":2,\"name\":\"Privacy Policy\"}]},{\"@type\":\"WebSite\",\"@id\":\"https:\/\/www.masfisyos.es\/#website\",\"url\":\"https:\/\/www.masfisyos.es\/\",\"name\":\"Masfisyios Andorra\",\"description\":\"Tu cl\u00ednica de fisioterapia y osteopat\u00eda\",\"publisher\":{\"@id\":\"https:\/\/www.masfisyos.es\/#organization\"},\"potentialAction\":[{\"@type\":\"SearchAction\",\"target\":{\"@type\":\"EntryPoint\",\"urlTemplate\":\"https:\/\/www.masfisyos.es\/?s={search_term_string}\"},\"query-input\":\"required name=search_term_string\"}],\"inLanguage\":\"es\"},{\"@type\":\"Organization\",\"@id\":\"https:\/\/www.masfisyos.es\/#organization\",\"name\":\"Masfisyios Andorra\",\"url\":\"https:\/\/www.masfisyos.es\/\",\"logo\":{\"@type\":\"ImageObject\",\"inLanguage\":\"es\",\"@id\":\"https:\/\/www.masfisyos.es\/#\/schema\/logo\/image\/\",\"url\":\"https:\/\/www.masfisyos.es\/wp-content\/uploads\/2024\/01\/logo-FISYOS.png\",\"contentUrl\":\"https:\/\/www.masfisyos.es\/wp-content\/uploads\/2024\/01\/logo-FISYOS.png\",\"width\":4313,\"height\":2271,\"caption\":\"Masfisyios Andorra\"},\"image\":{\"@id\":\"https:\/\/www.masfisyos.es\/#\/schema\/logo\/image\/\"}}]}<\/script>\n<!-- \/ Yoast SEO plugin. -->","yoast_head_json":{"title":"Privacy Policy - Masfisyios Andorra","robots":{"index":"index","follow":"follow","max-snippet":"max-snippet:-1","max-image-preview":"max-image-preview:large","max-video-preview":"max-video-preview:-1"},"canonical":"https:\/\/www.masfisyos.es\/index.php\/privacy-policy\/","og_locale":"es_ES","og_type":"article","og_title":"Privacy Policy - Masfisyios Andorra","og_description":"POL\u00cdTICA DE PRIVACIDAD Y PROPIEDAD INTELECTUAL PRIVACIDAD \u200b Uso y tratamiento de datos de car\u00e1cter personal \u00a0 MAS FISYOS ANDORRA SLU\u00a0 C. Rosal, 12, 44500 Andorra, Teruel \u00a0 .,\u00a0 \u00a0 \u00a0 le informa que los datos de car\u00e1cter personal que pudieran proporcionarse, a trav\u00e9s de la web as\u00ed como los que pudiera facilitar en el [&hellip;]","og_url":"https:\/\/www.masfisyos.es\/index.php\/privacy-policy\/","og_site_name":"Masfisyios Andorra","article_modified_time":"2024-06-20T15:40:13+00:00","twitter_card":"summary_large_image","twitter_misc":{"Tiempo de lectura":"7 minutos"},"schema":{"@context":"https:\/\/schema.org","@graph":[{"@type":"WebPage","@id":"https:\/\/www.masfisyos.es\/index.php\/privacy-policy\/","url":"https:\/\/www.masfisyos.es\/index.php\/privacy-policy\/","name":"Privacy Policy - Masfisyios Andorra","isPartOf":{"@id":"https:\/\/www.masfisyos.es\/#website"},"datePublished":"2023-01-25T12:32:10+00:00","dateModified":"2024-06-20T15:40:13+00:00","breadcrumb":{"@id":"https:\/\/www.masfisyos.es\/index.php\/privacy-policy\/#breadcrumb"},"inLanguage":"es","potentialAction":[{"@type":"ReadAction","target":["https:\/\/www.masfisyos.es\/index.php\/privacy-policy\/"]}]},{"@type":"BreadcrumbList","@id":"https:\/\/www.masfisyos.es\/index.php\/privacy-policy\/#breadcrumb","itemListElement":[{"@type":"ListItem","position":1,"name":"Portada","item":"https:\/\/www.masfisyos.es\/"},{"@type":"ListItem","position":2,"name":"Privacy Policy"}]},{"@type":"WebSite","@id":"https:\/\/www.masfisyos.es\/#website","url":"https:\/\/www.masfisyos.es\/","name":"Masfisyios Andorra","description":"Tu cl\u00ednica de fisioterapia y osteopat\u00eda","publisher":{"@id":"https:\/\/www.masfisyos.es\/#organization"},"potentialAction":[{"@type":"SearchAction","target":{"@type":"EntryPoint","urlTemplate":"https:\/\/www.masfisyos.es\/?s={search_term_string}"},"query-input":"required name=search_term_string"}],"inLanguage":"es"},{"@type":"Organization","@id":"https:\/\/www.masfisyos.es\/#organization","name":"Masfisyios Andorra","url":"https:\/\/www.masfisyos.es\/","logo":{"@type":"ImageObject","inLanguage":"es","@id":"https:\/\/www.masfisyos.es\/#\/schema\/logo\/image\/","url":"https:\/\/www.masfisyos.es\/wp-content\/uploads\/2024\/01\/logo-FISYOS.png","contentUrl":"https:\/\/www.masfisyos.es\/wp-content\/uploads\/2024\/01\/logo-FISYOS.png","width":4313,"height":2271,"caption":"Masfisyios Andorra"},"image":{"@id":"https:\/\/www.masfisyos.es\/#\/schema\/logo\/image\/"}}]}},"_links":{"self":[{"href":"https:\/\/www.masfisyos.es\/index.php\/wp-json\/wp\/v2\/pages\/3","targetHints":{"allow":["GET"]}}],"collection":[{"href":"https:\/\/www.masfisyos.es\/index.php\/wp-json\/wp\/v2\/pages"}],"about":[{"href":"https:\/\/www.masfisyos.es\/index.php\/wp-json\/wp\/v2\/types\/page"}],"author":[{"embeddable":true,"href":"https:\/\/www.masfisyos.es\/index.php\/wp-json\/wp\/v2\/users\/1"}],"replies":[{"embeddable":true,"href":"https:\/\/www.masfisyos.es\/index.php\/wp-json\/wp\/v2\/comments?post=3"}],"version-history":[{"count":3,"href":"https:\/\/www.masfisyos.es\/index.php\/wp-json\/wp\/v2\/pages\/3\/revisions"}],"predecessor-version":[{"id":1595,"href":"https:\/\/www.masfisyos.es\/index.php\/wp-json\/wp\/v2\/pages\/3\/revisions\/1595"}],"wp:attachment":[{"href":"https:\/\/www.masfisyos.es\/index.php\/wp-json\/wp\/v2\/media?parent=3"}],"curies":[{"name":"wp","href":"https:\/\/api.w.org\/{rel}","templated":true}]}}