{"id":173,"date":"2024-02-07T13:33:23","date_gmt":"2024-02-07T13:33:23","guid":{"rendered":"https:\/\/www.masfisyos.es\/?page_id=173"},"modified":"2024-06-20T15:39:40","modified_gmt":"2024-06-20T15:39:40","slug":"aviso-legal","status":"publish","type":"page","link":"https:\/\/www.masfisyos.es\/index.php\/aviso-legal\/","title":{"rendered":"Aviso legal"},"content":{"rendered":"\t\t<div data-elementor-type=\"wp-page\" data-elementor-id=\"173\" class=\"elementor elementor-173\">\n\t\t\t\t\t\t\t<div class=\"elementor-element elementor-element-2a28313 e-flex e-con-boxed e-con e-parent\" data-id=\"2a28313\" data-element_type=\"container\" data-settings=\"{&quot;content_width&quot;:&quot;boxed&quot;}\" data-core-v316-plus=\"true\">\n\t\t\t\t\t<div class=\"e-con-inner\">\n\t\t\t\t<div class=\"elementor-element elementor-element-d7bf76d elementor-widget elementor-widget-text-editor\" data-id=\"d7bf76d\" data-element_type=\"widget\" data-widget_type=\"text-editor.default\">\n\t\t\t\t<div class=\"elementor-widget-container\">\n\t\t\t<style>\/*! elementor - v3.18.0 - 20-12-2023 *\/\n.elementor-widget-text-editor.elementor-drop-cap-view-stacked .elementor-drop-cap{background-color:#69727d;color:#fff}.elementor-widget-text-editor.elementor-drop-cap-view-framed .elementor-drop-cap{color:#69727d;border:3px solid;background-color:transparent}.elementor-widget-text-editor:not(.elementor-drop-cap-view-default) .elementor-drop-cap{margin-top:8px}.elementor-widget-text-editor:not(.elementor-drop-cap-view-default) .elementor-drop-cap-letter{width:1em;height:1em}.elementor-widget-text-editor .elementor-drop-cap{float:left;text-align:center;line-height:1;font-size:50px}.elementor-widget-text-editor .elementor-drop-cap-letter{display:inline-block}<\/style>\t\t\t\t<p><span style=\"font-weight: 400;\">MAS FISYOS ANDORRA SLU\u00a0 C. Rosal, 12, 44500 Andorra, Teruel,\u00a0 no puede asumir ninguna responsabilidad derivada del uso incorrecto, inapropiado o il\u00edcito de la informaci\u00f3n aparecida en la p\u00e1gina de Internet\u00a0<\/span><\/p><p><span style=\"font-weight: 400;\">\u200b<\/span><\/p><ul><li style=\"font-weight: 400;\" aria-level=\"1\"><span style=\"font-weight: 400;\">La web de MAS FISYOS ANDORRA SLU\u00a0 C. Rosal, 12, 44500 Andorra, Teruel \u00a0 .,\u00a0 tiene como fin dar a conocer al p\u00fablico general las actividades que realiza y los servicios que presta. MAS FISYOS ANDORRA SLU\u00a0 C. Rosal, 12, 44500 Andorra, Teruel \u00a0 .,\u00a0 se reserva la facultad de efectuar, en cualquier momento y sin previo aviso, modificaciones de la informaci\u00f3n contenida en su web.<\/span><\/li><\/ul><p><span style=\"font-weight: 400;\">\u200b<\/span><\/p><ul><li style=\"font-weight: 400;\" aria-level=\"1\"><span style=\"font-weight: 400;\">Con los l\u00edmites establecidos en la ley, MAS FISYOS ANDORRA SLU\u00a0 C. Rosal, 12, 44500 Andorra, Teruel \u00a0 .,\u00a0 no asume ninguna responsabilidad derivada de la falta de veracidad, integridad, actualizaci\u00f3n y precisi\u00f3n de los datos o informaciones que se contienen en sus p\u00e1ginas de Internet. Los contenidos e informaci\u00f3n no vinculan a MAS FISYOS ANDORRA SLU\u00a0 C. Rosal, 12, 44500 Andorra, Teruel \u00a0 .,\u00a0 ni constituyen opiniones, consejos o asesoramiento legal de ning\u00fan tipo pues se trata meramente de un servicio ofrecido con car\u00e1cter informativo y divulgativo. La p\u00e1gina de Internet de MAS FISYOS ANDORRA SLU\u00a0 C. Rosal, 12, 44500 Andorra, Teruel \u00a0 .,\u00a0 puede contener enlaces (links) a otras p\u00e1ginas de terceras partes que MAS FISYOS ANDORRA SLU\u00a0 C. Rosal, 12, 44500 Andorra, Teruel \u00a0 .,\u00a0 no puede controlar. Por lo tanto, MAS FISYOS ANDORRA SLU\u00a0 C. Rosal, 12, 44500 Andorra, Teruel \u00a0 .,\u00a0 no puede asumir responsabilidades por el contenido que pueda aparecer en p\u00e1ginas de terceros. Los textos, im\u00e1genes, sonidos, animaciones, software y el resto de contenidos incluidos en este website son propiedad exclusiva de MAS FISYOS ANDORRA SLU\u00a0 C. Rosal, 12, 44500 Andorra, Teruel \u00a0 .,\u00a0 o sus licenciantes. Cualquier acto de transmisi\u00f3n, distribuci\u00f3n, cesi\u00f3n, reproducci\u00f3n, almacenamiento o comunicaci\u00f3n p\u00fablica total o parcial, debe contar con el consentimiento expreso de MAS FISYOS ANDORRA SLU\u00a0 C. Rosal, 12, 44500 Andorra, Teruel <\/span><\/li><\/ul>\t\t\t\t\t\t<\/div>\n\t\t\t\t<\/div>\n\t\t\t\t\t<\/div>\n\t\t\t\t<\/div>\n\t\t\t\t\t\t\t<\/div>\n\t\t","protected":false},"excerpt":{"rendered":"<p>MAS FISYOS ANDORRA SLU\u00a0 C. Rosal, 12, 44500 Andorra, Teruel,\u00a0 no puede asumir ninguna responsabilidad derivada del uso incorrecto, inapropiado o il\u00edcito de la informaci\u00f3n aparecida en la p\u00e1gina de Internet\u00a0 \u200b La web de MAS FISYOS ANDORRA SLU\u00a0 C. Rosal, 12, 44500 Andorra, Teruel \u00a0 .,\u00a0 tiene como fin dar a conocer al p\u00fablico [&hellip;]<\/p>\n","protected":false},"author":1,"featured_media":0,"parent":0,"menu_order":0,"comment_status":"closed","ping_status":"closed","template":"","meta":{"footnotes":""},"class_list":["post-173","page","type-page","status-publish","hentry"],"yoast_head":"<!-- This site is optimized with the Yoast SEO plugin v22.0 - https:\/\/yoast.com\/wordpress\/plugins\/seo\/ -->\n<title>P\u00e1gina de aviso legal de Masfisyios | Centro Fisioterapia Andorra<\/title>\n<meta name=\"description\" content=\"P\u00e1gina de aviso legal en la que podr\u00e1s encontrar todos los datos en relaci\u00f3n a la empresa y sus pol\u00edticas de privacidad.\" \/>\n<meta name=\"robots\" content=\"index, follow, max-snippet:-1, max-image-preview:large, max-video-preview:-1\" \/>\n<link rel=\"canonical\" href=\"https:\/\/www.masfisyos.es\/index.php\/aviso-legal\/\" \/>\n<meta property=\"og:locale\" content=\"es_ES\" \/>\n<meta property=\"og:type\" content=\"article\" \/>\n<meta property=\"og:title\" content=\"P\u00e1gina de aviso legal de Masfisyios | Centro Fisioterapia Andorra\" \/>\n<meta property=\"og:description\" content=\"P\u00e1gina de aviso legal en la que podr\u00e1s encontrar todos los datos en relaci\u00f3n a la empresa y sus pol\u00edticas de privacidad.\" \/>\n<meta property=\"og:url\" content=\"https:\/\/www.masfisyos.es\/index.php\/aviso-legal\/\" \/>\n<meta property=\"og:site_name\" content=\"Masfisyios Andorra\" \/>\n<meta property=\"article:modified_time\" content=\"2024-06-20T15:39:40+00:00\" \/>\n<meta name=\"twitter:card\" content=\"summary_large_image\" \/>\n<meta name=\"twitter:label1\" content=\"Tiempo de lectura\" \/>\n\t<meta name=\"twitter:data1\" content=\"2 minutos\" \/>\n<script type=\"application\/ld+json\" class=\"yoast-schema-graph\">{\"@context\":\"https:\/\/schema.org\",\"@graph\":[{\"@type\":\"WebPage\",\"@id\":\"https:\/\/www.masfisyos.es\/index.php\/aviso-legal\/\",\"url\":\"https:\/\/www.masfisyos.es\/index.php\/aviso-legal\/\",\"name\":\"P\u00e1gina de aviso legal de Masfisyios | Centro Fisioterapia Andorra\",\"isPartOf\":{\"@id\":\"https:\/\/www.masfisyos.es\/#website\"},\"datePublished\":\"2024-02-07T13:33:23+00:00\",\"dateModified\":\"2024-06-20T15:39:40+00:00\",\"description\":\"P\u00e1gina de aviso legal en la que podr\u00e1s encontrar todos los datos en relaci\u00f3n a la empresa y sus pol\u00edticas de privacidad.\",\"breadcrumb\":{\"@id\":\"https:\/\/www.masfisyos.es\/index.php\/aviso-legal\/#breadcrumb\"},\"inLanguage\":\"es\",\"potentialAction\":[{\"@type\":\"ReadAction\",\"target\":[\"https:\/\/www.masfisyos.es\/index.php\/aviso-legal\/\"]}]},{\"@type\":\"BreadcrumbList\",\"@id\":\"https:\/\/www.masfisyos.es\/index.php\/aviso-legal\/#breadcrumb\",\"itemListElement\":[{\"@type\":\"ListItem\",\"position\":1,\"name\":\"Portada\",\"item\":\"https:\/\/www.masfisyos.es\/\"},{\"@type\":\"ListItem\",\"position\":2,\"name\":\"Aviso legal\"}]},{\"@type\":\"WebSite\",\"@id\":\"https:\/\/www.masfisyos.es\/#website\",\"url\":\"https:\/\/www.masfisyos.es\/\",\"name\":\"Masfisyios Andorra\",\"description\":\"Tu cl\u00ednica de fisioterapia y osteopat\u00eda\",\"publisher\":{\"@id\":\"https:\/\/www.masfisyos.es\/#organization\"},\"potentialAction\":[{\"@type\":\"SearchAction\",\"target\":{\"@type\":\"EntryPoint\",\"urlTemplate\":\"https:\/\/www.masfisyos.es\/?s={search_term_string}\"},\"query-input\":\"required name=search_term_string\"}],\"inLanguage\":\"es\"},{\"@type\":\"Organization\",\"@id\":\"https:\/\/www.masfisyos.es\/#organization\",\"name\":\"Masfisyios Andorra\",\"url\":\"https:\/\/www.masfisyos.es\/\",\"logo\":{\"@type\":\"ImageObject\",\"inLanguage\":\"es\",\"@id\":\"https:\/\/www.masfisyos.es\/#\/schema\/logo\/image\/\",\"url\":\"https:\/\/www.masfisyos.es\/wp-content\/uploads\/2024\/01\/logo-FISYOS.png\",\"contentUrl\":\"https:\/\/www.masfisyos.es\/wp-content\/uploads\/2024\/01\/logo-FISYOS.png\",\"width\":4313,\"height\":2271,\"caption\":\"Masfisyios Andorra\"},\"image\":{\"@id\":\"https:\/\/www.masfisyos.es\/#\/schema\/logo\/image\/\"}}]}<\/script>\n<!-- \/ Yoast SEO plugin. -->","yoast_head_json":{"title":"P\u00e1gina de aviso legal de Masfisyios | Centro Fisioterapia Andorra","description":"P\u00e1gina de aviso legal en la que podr\u00e1s encontrar todos los datos en relaci\u00f3n a la empresa y sus pol\u00edticas de privacidad.","robots":{"index":"index","follow":"follow","max-snippet":"max-snippet:-1","max-image-preview":"max-image-preview:large","max-video-preview":"max-video-preview:-1"},"canonical":"https:\/\/www.masfisyos.es\/index.php\/aviso-legal\/","og_locale":"es_ES","og_type":"article","og_title":"P\u00e1gina de aviso legal de Masfisyios | Centro Fisioterapia Andorra","og_description":"P\u00e1gina de aviso legal en la que podr\u00e1s encontrar todos los datos en relaci\u00f3n a la empresa y sus pol\u00edticas de privacidad.","og_url":"https:\/\/www.masfisyos.es\/index.php\/aviso-legal\/","og_site_name":"Masfisyios Andorra","article_modified_time":"2024-06-20T15:39:40+00:00","twitter_card":"summary_large_image","twitter_misc":{"Tiempo de lectura":"2 minutos"},"schema":{"@context":"https:\/\/schema.org","@graph":[{"@type":"WebPage","@id":"https:\/\/www.masfisyos.es\/index.php\/aviso-legal\/","url":"https:\/\/www.masfisyos.es\/index.php\/aviso-legal\/","name":"P\u00e1gina de aviso legal de Masfisyios | Centro Fisioterapia Andorra","isPartOf":{"@id":"https:\/\/www.masfisyos.es\/#website"},"datePublished":"2024-02-07T13:33:23+00:00","dateModified":"2024-06-20T15:39:40+00:00","description":"P\u00e1gina de aviso legal en la que podr\u00e1s encontrar todos los datos en relaci\u00f3n a la empresa y sus pol\u00edticas de privacidad.","breadcrumb":{"@id":"https:\/\/www.masfisyos.es\/index.php\/aviso-legal\/#breadcrumb"},"inLanguage":"es","potentialAction":[{"@type":"ReadAction","target":["https:\/\/www.masfisyos.es\/index.php\/aviso-legal\/"]}]},{"@type":"BreadcrumbList","@id":"https:\/\/www.masfisyos.es\/index.php\/aviso-legal\/#breadcrumb","itemListElement":[{"@type":"ListItem","position":1,"name":"Portada","item":"https:\/\/www.masfisyos.es\/"},{"@type":"ListItem","position":2,"name":"Aviso legal"}]},{"@type":"WebSite","@id":"https:\/\/www.masfisyos.es\/#website","url":"https:\/\/www.masfisyos.es\/","name":"Masfisyios Andorra","description":"Tu cl\u00ednica de fisioterapia y osteopat\u00eda","publisher":{"@id":"https:\/\/www.masfisyos.es\/#organization"},"potentialAction":[{"@type":"SearchAction","target":{"@type":"EntryPoint","urlTemplate":"https:\/\/www.masfisyos.es\/?s={search_term_string}"},"query-input":"required name=search_term_string"}],"inLanguage":"es"},{"@type":"Organization","@id":"https:\/\/www.masfisyos.es\/#organization","name":"Masfisyios Andorra","url":"https:\/\/www.masfisyos.es\/","logo":{"@type":"ImageObject","inLanguage":"es","@id":"https:\/\/www.masfisyos.es\/#\/schema\/logo\/image\/","url":"https:\/\/www.masfisyos.es\/wp-content\/uploads\/2024\/01\/logo-FISYOS.png","contentUrl":"https:\/\/www.masfisyos.es\/wp-content\/uploads\/2024\/01\/logo-FISYOS.png","width":4313,"height":2271,"caption":"Masfisyios Andorra"},"image":{"@id":"https:\/\/www.masfisyos.es\/#\/schema\/logo\/image\/"}}]}},"_links":{"self":[{"href":"https:\/\/www.masfisyos.es\/index.php\/wp-json\/wp\/v2\/pages\/173","targetHints":{"allow":["GET"]}}],"collection":[{"href":"https:\/\/www.masfisyos.es\/index.php\/wp-json\/wp\/v2\/pages"}],"about":[{"href":"https:\/\/www.masfisyos.es\/index.php\/wp-json\/wp\/v2\/types\/page"}],"author":[{"embeddable":true,"href":"https:\/\/www.masfisyos.es\/index.php\/wp-json\/wp\/v2\/users\/1"}],"replies":[{"embeddable":true,"href":"https:\/\/www.masfisyos.es\/index.php\/wp-json\/wp\/v2\/comments?post=173"}],"version-history":[{"count":4,"href":"https:\/\/www.masfisyos.es\/index.php\/wp-json\/wp\/v2\/pages\/173\/revisions"}],"predecessor-version":[{"id":1592,"href":"https:\/\/www.masfisyos.es\/index.php\/wp-json\/wp\/v2\/pages\/173\/revisions\/1592"}],"wp:attachment":[{"href":"https:\/\/www.masfisyos.es\/index.php\/wp-json\/wp\/v2\/media?parent=173"}],"curies":[{"name":"wp","href":"https:\/\/api.w.org\/{rel}","templated":true}]}}